{"id":20044,"date":"2025-08-10T07:18:09","date_gmt":"2025-08-10T07:18:09","guid":{"rendered":"https:\/\/toursyexcursiones.com\/?post_type=product&#038;p=20044"},"modified":"2025-08-10T07:27:17","modified_gmt":"2025-08-10T07:27:17","slug":"miches-los-haitises-kayak-picinas-cano-hondo","status":"publish","type":"product","link":"https:\/\/toursyexcursiones.com\/sv\/TOUR\/miches-los-haitises-kayak-picinas-cano-hondo\/","title":{"rendered":"Miches: Los Haitises Kayak &#038; Picinas Ca\u00f1o Hondo"},"content":{"rendered":"<h2 data-start=\"232\" data-end=\"330\"><strong data-start=\"235\" data-end=\"328\">Tour Los Haitises Kayak &amp; Piscinas Naturales de Ca\u00f1o Hondo \u2013 Salida en Grupo desde Miches<\/strong><\/h2>\n<p data-start=\"332\" data-end=\"491\"><strong data-start=\"332\" data-end=\"489\">Descubre el Parque Nacional Los Haitises en una emocionante aventura en kayak y rel\u00e1jate en las piscinas naturales de Ca\u00f1o Hondo, partiendo desde Miches.<\/strong><\/p>\n<h3 data-start=\"493\" data-end=\"523\"><strong data-start=\"497\" data-end=\"521\">Descripci\u00f3n del Tour<\/strong><\/h3>\n<p data-start=\"524\" data-end=\"821\">Vive una experiencia \u00fanica de <strong data-start=\"554\" data-end=\"591\">4 horas en kayak por Los Haitises<\/strong>, uno de los destinos m\u00e1s impresionantes de la Rep\u00fablica Dominicana. Desde Miches, iniciaremos nuestro recorrido hacia este para\u00edso natural donde te adentrar\u00e1s en un mundo de <strong data-start=\"766\" data-end=\"818\">manglares, cuevas y formaciones de piedra caliza<\/strong>.<\/p>\n<p data-start=\"823\" data-end=\"1122\">Remar\u00e1s por aguas tranquilas bajo un techo natural de manglares, explorando cuevas con formaciones geol\u00f3gicas \u00fanicas y rodeado de acantilados impresionantes. Los amantes de la naturaleza podr\u00e1n observar <strong data-start=\"1026\" data-end=\"1119\">aves ex\u00f3ticas, fauna marina y la biodiversidad que hace de Los Haitises un santuario vivo<\/strong>.<\/p>\n<p data-start=\"1124\" data-end=\"1384\">Tras la traves\u00eda en kayak, disfrutaremos de un delicioso almuerzo en un restaurante local. Luego tendr\u00e1s tiempo libre para <strong data-start=\"1247\" data-end=\"1320\">nadar y relajarte en las cristalinas piscinas naturales de Ca\u00f1o Hondo<\/strong>, rodeadas de selva tropical y un ambiente totalmente natural.<\/p>\n<h3 data-start=\"1386\" data-end=\"1403\"><strong data-start=\"1390\" data-end=\"1401\">Incluye<\/strong><\/h3>\n<ul data-start=\"1404\" data-end=\"1580\">\n<li data-start=\"1404\" data-end=\"1444\">\n<p data-start=\"1406\" data-end=\"1444\">Transporte ida y vuelta desde Miches<\/p>\n<\/li>\n<li data-start=\"1445\" data-end=\"1475\">\n<p data-start=\"1447\" data-end=\"1475\">Gu\u00eda experto en ecoturismo<\/p>\n<\/li>\n<li data-start=\"1476\" data-end=\"1495\">\n<p data-start=\"1478\" data-end=\"1495\">Equipo de kayak<\/p>\n<\/li>\n<li data-start=\"1496\" data-end=\"1529\">\n<p data-start=\"1498\" data-end=\"1529\">Almuerzo en restaurante local<\/p>\n<\/li>\n<li data-start=\"1530\" data-end=\"1580\">\n<p data-start=\"1532\" data-end=\"1580\">Entrada a las piscinas naturales de Ca\u00f1o Hondo<\/p>\n<\/li>\n<\/ul>\n<h3 data-start=\"1582\" data-end=\"1600\"><strong data-start=\"1586\" data-end=\"1598\">Duraci\u00f3n<\/strong><\/h3>\n<ul data-start=\"1601\" data-end=\"1700\">\n<li data-start=\"1601\" data-end=\"1668\">\n<p data-start=\"1603\" data-end=\"1668\">Excursi\u00f3n de d\u00eda completo (aprox. 8 horas incluyendo traslados)<\/p>\n<\/li>\n<li data-start=\"1669\" data-end=\"1700\">\n<p data-start=\"1671\" data-end=\"1700\">Actividad en kayak: 4 horas<\/p>\n<\/li>\n<\/ul>\n<h3 data-start=\"1702\" data-end=\"1749\"><strong data-start=\"1706\" data-end=\"1747\">Por qu\u00e9 elegir este tour desde Miches<\/strong><\/h3>\n<p data-start=\"1750\" data-end=\"2016\">Este recorrido es ideal para quienes buscan <strong data-start=\"1794\" data-end=\"1825\">turismo ecol\u00f3gico en Miches<\/strong> y desean vivir una combinaci\u00f3n perfecta de <strong data-start=\"1869\" data-end=\"1901\">aventura, naturaleza y relax<\/strong>. Los Haitises ofrece paisajes de pel\u00edcula, mientras que Ca\u00f1o Hondo brinda el descanso perfecto despu\u00e9s de remar.<\/p>","protected":false},"excerpt":{"rendered":"<p>Explora el Parque Nacional Los Haitises en kayak y rel\u00e1jate en las piscinas naturales de Ca\u00f1o Hondo. Tour en grupo desde Miches con transporte, gu\u00eda y almuerzo incluido.<\/p>","protected":false},"featured_media":19969,"template":"","meta":[],"product_brand":[252],"product_cat":[230],"product_tag":[259,256,260,255,253,254,257,258],"class_list":{"0":"post-20044","1":"product","2":"type-product","3":"status-publish","4":"has-post-thumbnail","6":"product_brand-miches-tours","7":"product_cat-miches","8":"product_tag-aventura-en-kayak-miches","9":"product_tag-excursion-cano-hondo-desde-miches","10":"product_tag-excursiones-miches-republica-dominicana","11":"product_tag-kayak-los-haitises","12":"product_tag-miches","13":"product_tag-miches-tours","14":"product_tag-parque-nacional-los-haitises-miches","15":"product_tag-tours-ecologicos-miches","17":"first","18":"instock","19":"sale","20":"shipping-taxable","21":"product-type-external"},"_links":{"self":[{"href":"https:\/\/toursyexcursiones.com\/sv\/wp-json\/wp\/v2\/product\/20044","targetHints":{"allow":["GET"]}}],"collection":[{"href":"https:\/\/toursyexcursiones.com\/sv\/wp-json\/wp\/v2\/product"}],"about":[{"href":"https:\/\/toursyexcursiones.com\/sv\/wp-json\/wp\/v2\/types\/product"}],"wp:featuredmedia":[{"embeddable":true,"href":"https:\/\/toursyexcursiones.com\/sv\/wp-json\/wp\/v2\/media\/19969"}],"wp:attachment":[{"href":"https:\/\/toursyexcursiones.com\/sv\/wp-json\/wp\/v2\/media?parent=20044"}],"wp:term":[{"taxonomy":"product_brand","embeddable":true,"href":"https:\/\/toursyexcursiones.com\/sv\/wp-json\/wp\/v2\/product_brand?post=20044"},{"taxonomy":"product_cat","embeddable":true,"href":"https:\/\/toursyexcursiones.com\/sv\/wp-json\/wp\/v2\/product_cat?post=20044"},{"taxonomy":"product_tag","embeddable":true,"href":"https:\/\/toursyexcursiones.com\/sv\/wp-json\/wp\/v2\/product_tag?post=20044"}],"curies":[{"name":"wp","href":"https:\/\/api.w.org\/{rel}","templated":true}]}}